{"id":22,"date":"2026-02-15T23:58:41","date_gmt":"2026-02-15T20:58:41","guid":{"rendered":"https:\/\/ankaledekrantamiri.com\/?page_id=22"},"modified":"2026-02-22T22:24:29","modified_gmt":"2026-02-22T19:24:29","slug":"bize-ulasin","status":"publish","type":"page","link":"https:\/\/ankaledekrantamiri.com\/?page_id=22","title":{"rendered":"Bize ula\u015f\u0131n | \u0130stanbul ve T\u00fcrkiye Genelinde Led Ekran Tamiri"},"content":{"rendered":"\n<section class=\"contact-section\">\n\n  <div class=\"contact-header\">\n    <h2>\u0130leti\u015fim<\/h2>\n    <p>LED ekran tamir, bak\u0131m ve kurulum hizmetleri i\u00e7in bizimle ileti\u015fime ge\u00e7in.<\/p>\n  <\/div>\n\n  <div class=\"contact-wrapper\">\n\n    <div class=\"contact-cards\">\n      <div class=\"contact-card\">\n        <span>Telefon<\/span>\n        <a href=\"tel:+905393420585\">0 (539) 342 05 85<\/a>\n      <\/div>\n\n      <div class=\"contact-card\">\n        <span>Telefon<\/span>\n        <a href=\"tel:+905389700201\">0 (538) 970 02 01<\/a>\n      <\/div>\n    <\/div>\n\n    <form class=\"contact-form\">\n      <h3>Bize Mesaj G\u00f6nderin<\/h3>\n\n      <input type=\"text\" placeholder=\"Ad Soyad\" required>\n      <input type=\"email\" placeholder=\"E-posta\" required>\n      <input type=\"tel\" placeholder=\"Telefon\">\n      <textarea placeholder=\"Mesaj\u0131n\u0131z\" rows=\"4\" required><\/textarea>\n\n      <button type=\"submit\">Mesaj G\u00f6nder<\/button>\n    <\/form>\n\n  <\/div>\n\n<\/section>\n\n\n\n\n<p><\/p>\n","protected":false},"excerpt":{"rendered":"<p>\u0130leti\u015fim LED ekran tamir, bak\u0131m ve kurulum hizmetleri i\u00e7in bizimle ileti\u015fime ge\u00e7in. Telefon 0 (539) 342 05 85 Telefon 0 (538) 970 02 01 Bize Mesaj G\u00f6nderin Mesaj G\u00f6nder<\/p>\n","protected":false},"author":1,"featured_media":64,"parent":0,"menu_order":0,"comment_status":"closed","ping_status":"closed","template":"","meta":{"footnotes":""},"class_list":["post-22","page","type-page","status-publish","has-post-thumbnail","hentry"],"_links":{"self":[{"href":"https:\/\/ankaledekrantamiri.com\/index.php?rest_route=\/wp\/v2\/pages\/22","targetHints":{"allow":["GET"]}}],"collection":[{"href":"https:\/\/ankaledekrantamiri.com\/index.php?rest_route=\/wp\/v2\/pages"}],"about":[{"href":"https:\/\/ankaledekrantamiri.com\/index.php?rest_route=\/wp\/v2\/types\/page"}],"author":[{"embeddable":true,"href":"https:\/\/ankaledekrantamiri.com\/index.php?rest_route=\/wp\/v2\/users\/1"}],"replies":[{"embeddable":true,"href":"https:\/\/ankaledekrantamiri.com\/index.php?rest_route=%2Fwp%2Fv2%2Fcomments&post=22"}],"version-history":[{"count":6,"href":"https:\/\/ankaledekrantamiri.com\/index.php?rest_route=\/wp\/v2\/pages\/22\/revisions"}],"predecessor-version":[{"id":161,"href":"https:\/\/ankaledekrantamiri.com\/index.php?rest_route=\/wp\/v2\/pages\/22\/revisions\/161"}],"wp:featuredmedia":[{"embeddable":true,"href":"https:\/\/ankaledekrantamiri.com\/index.php?rest_route=\/wp\/v2\/media\/64"}],"wp:attachment":[{"href":"https:\/\/ankaledekrantamiri.com\/index.php?rest_route=%2Fwp%2Fv2%2Fmedia&parent=22"}],"curies":[{"name":"wp","href":"https:\/\/api.w.org\/{rel}","templated":true}]}}